{"id":2624,"date":"2023-09-26T20:13:18","date_gmt":"2023-09-26T20:13:18","guid":{"rendered":"http:\/\/oatbox-group.com\/fiche-de-vente-produits-secs\/"},"modified":"2023-09-26T20:17:46","modified_gmt":"2023-09-26T20:17:46","slug":"fiche-de-vente-produits-secs","status":"publish","type":"page","link":"https:\/\/oatbox-group.com\/fr\/fiche-de-vente-produits-secs\/","title":{"rendered":"Fiche de vente Produits secs"},"content":{"rendered":"\t\t<div data-elementor-type=\"wp-page\" data-elementor-id=\"2624\" class=\"elementor elementor-2624 elementor-2614\" data-elementor-post-type=\"page\">\n\t\t\t\t<div class=\"elementor-element elementor-element-5c90590d e-flex e-con-boxed e-con e-parent\" data-id=\"5c90590d\" data-element_type=\"container\" data-e-type=\"container\" id=\"contact\">\n\t\t\t\t\t<div class=\"e-con-inner\">\n\t\t\t\t<div class=\"elementor-element elementor-element-562007ed elementor-widget elementor-widget-heading\" data-id=\"562007ed\" data-element_type=\"widget\" data-e-type=\"widget\" data-widget_type=\"heading.default\">\n\t\t\t\t<div class=\"elementor-widget-container\">\n\t\t\t\t\t<h2 class=\"elementor-heading-title elementor-size-default\">T\u00e9l\u00e9charger la fiche de vente<\/h2>\t\t\t\t<\/div>\n\t\t\t\t<\/div>\n\t\t<div class=\"elementor-element elementor-element-5ca6c856 e-con-full e-flex e-con e-parent\" data-id=\"5ca6c856\" data-element_type=\"container\" data-e-type=\"container\" data-settings=\"{&quot;animation&quot;:&quot;none&quot;}\">\n\t\t<div class=\"elementor-element elementor-element-6f8d36aa e-con-full e-flex e-con e-parent\" data-id=\"6f8d36aa\" data-element_type=\"container\" data-e-type=\"container\">\n\t\t\t\t<div class=\"elementor-element elementor-element-63d98daf elementor-widget__width-initial elementor-widget elementor-widget-heading\" data-id=\"63d98daf\" data-element_type=\"widget\" data-e-type=\"widget\" data-widget_type=\"heading.default\">\n\t\t\t\t<div class=\"elementor-widget-container\">\n\t\t\t\t\t<h4 class=\"elementor-heading-title elementor-size-default\">Inscrivez-vous \u00e0 notre infolettre pour t\u00e9l\u00e9charger la fiche de vente<\/h4>\t\t\t\t<\/div>\n\t\t\t\t<\/div>\n\t\t\t\t<div class=\"elementor-element elementor-element-13638d82 elementor-button-align-stretch elementor-widget elementor-widget-form\" data-id=\"13638d82\" data-element_type=\"widget\" data-e-type=\"widget\" data-settings=\"{&quot;button_width&quot;:&quot;40&quot;,&quot;step_next_label&quot;:&quot;Next&quot;,&quot;step_previous_label&quot;:&quot;Back&quot;,&quot;step_type&quot;:&quot;number_text&quot;,&quot;step_icon_shape&quot;:&quot;circle&quot;}\" data-widget_type=\"form.default\">\n\t\t\t\t<div class=\"elementor-widget-container\">\n\t\t\t\t\t\t\t<form class=\"elementor-form\" method=\"post\" name=\"Nouveau formulaire\" aria-label=\"Nouveau formulaire\">\n\t\t\t<input type=\"hidden\" name=\"post_id\" value=\"2624\"\/>\n\t\t\t<input type=\"hidden\" name=\"form_id\" value=\"13638d82\"\/>\n\t\t\t<input type=\"hidden\" name=\"referer_title\" value=\"Fiche de vente Produits secs - Groupe Oatbox\" \/>\n\n\t\t\t\t\t\t\t<input type=\"hidden\" name=\"queried_id\" value=\"2624\"\/>\n\t\t\t\n\t\t\t<div class=\"elementor-form-fields-wrapper elementor-labels-above\">\n\t\t\t\t\t\t\t\t<div class=\"elementor-field-type-email elementor-field-group elementor-column elementor-field-group-emailmailinglist elementor-col-100 elementor-field-required\">\n\t\t\t\t\t\t\t\t\t\t\t\t\t<input size=\"1\" type=\"email\" name=\"form_fields[emailmailinglist]\" id=\"form-field-emailmailinglist\" class=\"elementor-field elementor-size-md  elementor-field-textual\" placeholder=\"Adresse courriel\" required=\"required\">\n\t\t\t\t\t\t\t\t\t\t\t<\/div>\n\t\t\t\t\t\t\t\t<div class=\"elementor-field-group elementor-column elementor-field-type-submit elementor-col-40 e-form__buttons\">\n\t\t\t\t\t<button class=\"elementor-button elementor-size-sm\" type=\"submit\">\n\t\t\t\t\t\t<span class=\"elementor-button-content-wrapper\">\n\t\t\t\t\t\t\t\t\t\t\t\t\t\t\t\t\t\t\t\t\t\t<span class=\"elementor-button-text\">T\u00e9l\u00e9charger la fiche de vente<\/span>\n\t\t\t\t\t\t\t\t\t\t\t\t\t<\/span>\n\t\t\t\t\t<\/button>\n\t\t\t\t<\/div>\n\t\t\t<\/div>\n\t\t<\/form>\n\t\t\t\t\t\t<\/div>\n\t\t\t\t<\/div>\n\t\t\t\t<\/div>\n\t\t\t\t<\/div>\n\t\t\t\t\t<\/div>\n\t\t\t\t<\/div>\n\t\t\t\t<\/div>\n\t\t","protected":false},"excerpt":{"rendered":"<p>T\u00e9l\u00e9charger la fiche de vente Inscrivez-vous \u00e0 notre infolettre pour t\u00e9l\u00e9charger la fiche de vente<\/p>\n","protected":false},"author":1,"featured_media":0,"parent":0,"menu_order":0,"comment_status":"closed","ping_status":"closed","template":"","meta":{"footnotes":""},"class_list":["post-2624","page","type-page","status-publish","hentry"],"yoast_head":"<!-- This site is optimized with the Yoast SEO plugin v27.4 - https:\/\/yoast.com\/product\/yoast-seo-wordpress\/ -->\n<title>Fiche de vente Produits secs - Groupe Oatbox<\/title>\n<meta name=\"robots\" content=\"index, follow, max-snippet:-1, max-image-preview:large, max-video-preview:-1\" \/>\n<link rel=\"canonical\" href=\"https:\/\/oatbox-group.com\/fr\/fiche-de-vente-produits-secs\/\" \/>\n<meta property=\"og:locale\" content=\"fr_FR\" \/>\n<meta property=\"og:type\" content=\"article\" \/>\n<meta property=\"og:title\" content=\"Fiche de vente Produits secs - Groupe Oatbox\" \/>\n<meta property=\"og:description\" content=\"T\u00e9l\u00e9charger la fiche de vente Inscrivez-vous \u00e0 notre infolettre pour t\u00e9l\u00e9charger la fiche de vente\" \/>\n<meta property=\"og:url\" content=\"https:\/\/oatbox-group.com\/fr\/fiche-de-vente-produits-secs\/\" \/>\n<meta property=\"og:site_name\" content=\"Groupe Oatbox\" \/>\n<meta property=\"article:modified_time\" content=\"2023-09-26T20:17:46+00:00\" \/>\n<meta name=\"twitter:card\" content=\"summary_large_image\" \/>\n<script type=\"application\/ld+json\" class=\"yoast-schema-graph\">{\"@context\":\"https:\\\/\\\/schema.org\",\"@graph\":[{\"@type\":\"WebPage\",\"@id\":\"https:\\\/\\\/oatbox-group.com\\\/fr\\\/fiche-de-vente-produits-secs\\\/\",\"url\":\"https:\\\/\\\/oatbox-group.com\\\/fr\\\/fiche-de-vente-produits-secs\\\/\",\"name\":\"Fiche de vente Produits secs - Groupe Oatbox\",\"isPartOf\":{\"@id\":\"https:\\\/\\\/oatbox-group.com\\\/#website\"},\"datePublished\":\"2023-09-26T20:13:18+00:00\",\"dateModified\":\"2023-09-26T20:17:46+00:00\",\"breadcrumb\":{\"@id\":\"https:\\\/\\\/oatbox-group.com\\\/fr\\\/fiche-de-vente-produits-secs\\\/#breadcrumb\"},\"inLanguage\":\"fr-FR\",\"potentialAction\":[{\"@type\":\"ReadAction\",\"target\":[\"https:\\\/\\\/oatbox-group.com\\\/fr\\\/fiche-de-vente-produits-secs\\\/\"]}]},{\"@type\":\"BreadcrumbList\",\"@id\":\"https:\\\/\\\/oatbox-group.com\\\/fr\\\/fiche-de-vente-produits-secs\\\/#breadcrumb\",\"itemListElement\":[{\"@type\":\"ListItem\",\"position\":1,\"name\":\"Accueil\",\"item\":\"https:\\\/\\\/oatbox-group.com\\\/fr\\\/\"},{\"@type\":\"ListItem\",\"position\":2,\"name\":\"Fiche de vente Produits secs\"}]},{\"@type\":\"WebSite\",\"@id\":\"https:\\\/\\\/oatbox-group.com\\\/#website\",\"url\":\"https:\\\/\\\/oatbox-group.com\\\/\",\"name\":\"Groupe Oatbox\",\"description\":\"Site web du groupe Oatbox\",\"publisher\":{\"@id\":\"https:\\\/\\\/oatbox-group.com\\\/#organization\"},\"potentialAction\":[{\"@type\":\"SearchAction\",\"target\":{\"@type\":\"EntryPoint\",\"urlTemplate\":\"https:\\\/\\\/oatbox-group.com\\\/?s={search_term_string}\"},\"query-input\":{\"@type\":\"PropertyValueSpecification\",\"valueRequired\":true,\"valueName\":\"search_term_string\"}}],\"inLanguage\":\"fr-FR\"},{\"@type\":\"Organization\",\"@id\":\"https:\\\/\\\/oatbox-group.com\\\/#organization\",\"name\":\"Groupe Oatbox\",\"url\":\"https:\\\/\\\/oatbox-group.com\\\/\",\"logo\":{\"@type\":\"ImageObject\",\"inLanguage\":\"fr-FR\",\"@id\":\"https:\\\/\\\/oatbox-group.com\\\/#\\\/schema\\\/logo\\\/image\\\/\",\"url\":\"https:\\\/\\\/oatbox-group.com\\\/wp-content\\\/uploads\\\/2023\\\/05\\\/cropped-oatbox-logo.png\",\"contentUrl\":\"https:\\\/\\\/oatbox-group.com\\\/wp-content\\\/uploads\\\/2023\\\/05\\\/cropped-oatbox-logo.png\",\"width\":350,\"height\":100,\"caption\":\"Groupe Oatbox\"},\"image\":{\"@id\":\"https:\\\/\\\/oatbox-group.com\\\/#\\\/schema\\\/logo\\\/image\\\/\"}}]}<\/script>\n<!-- \/ Yoast SEO plugin. -->","yoast_head_json":{"title":"Fiche de vente Produits secs - Groupe Oatbox","robots":{"index":"index","follow":"follow","max-snippet":"max-snippet:-1","max-image-preview":"max-image-preview:large","max-video-preview":"max-video-preview:-1"},"canonical":"https:\/\/oatbox-group.com\/fr\/fiche-de-vente-produits-secs\/","og_locale":"fr_FR","og_type":"article","og_title":"Fiche de vente Produits secs - Groupe Oatbox","og_description":"T\u00e9l\u00e9charger la fiche de vente Inscrivez-vous \u00e0 notre infolettre pour t\u00e9l\u00e9charger la fiche de vente","og_url":"https:\/\/oatbox-group.com\/fr\/fiche-de-vente-produits-secs\/","og_site_name":"Groupe Oatbox","article_modified_time":"2023-09-26T20:17:46+00:00","twitter_card":"summary_large_image","schema":{"@context":"https:\/\/schema.org","@graph":[{"@type":"WebPage","@id":"https:\/\/oatbox-group.com\/fr\/fiche-de-vente-produits-secs\/","url":"https:\/\/oatbox-group.com\/fr\/fiche-de-vente-produits-secs\/","name":"Fiche de vente Produits secs - Groupe Oatbox","isPartOf":{"@id":"https:\/\/oatbox-group.com\/#website"},"datePublished":"2023-09-26T20:13:18+00:00","dateModified":"2023-09-26T20:17:46+00:00","breadcrumb":{"@id":"https:\/\/oatbox-group.com\/fr\/fiche-de-vente-produits-secs\/#breadcrumb"},"inLanguage":"fr-FR","potentialAction":[{"@type":"ReadAction","target":["https:\/\/oatbox-group.com\/fr\/fiche-de-vente-produits-secs\/"]}]},{"@type":"BreadcrumbList","@id":"https:\/\/oatbox-group.com\/fr\/fiche-de-vente-produits-secs\/#breadcrumb","itemListElement":[{"@type":"ListItem","position":1,"name":"Accueil","item":"https:\/\/oatbox-group.com\/fr\/"},{"@type":"ListItem","position":2,"name":"Fiche de vente Produits secs"}]},{"@type":"WebSite","@id":"https:\/\/oatbox-group.com\/#website","url":"https:\/\/oatbox-group.com\/","name":"Groupe Oatbox","description":"Site web du groupe Oatbox","publisher":{"@id":"https:\/\/oatbox-group.com\/#organization"},"potentialAction":[{"@type":"SearchAction","target":{"@type":"EntryPoint","urlTemplate":"https:\/\/oatbox-group.com\/?s={search_term_string}"},"query-input":{"@type":"PropertyValueSpecification","valueRequired":true,"valueName":"search_term_string"}}],"inLanguage":"fr-FR"},{"@type":"Organization","@id":"https:\/\/oatbox-group.com\/#organization","name":"Groupe Oatbox","url":"https:\/\/oatbox-group.com\/","logo":{"@type":"ImageObject","inLanguage":"fr-FR","@id":"https:\/\/oatbox-group.com\/#\/schema\/logo\/image\/","url":"https:\/\/oatbox-group.com\/wp-content\/uploads\/2023\/05\/cropped-oatbox-logo.png","contentUrl":"https:\/\/oatbox-group.com\/wp-content\/uploads\/2023\/05\/cropped-oatbox-logo.png","width":350,"height":100,"caption":"Groupe Oatbox"},"image":{"@id":"https:\/\/oatbox-group.com\/#\/schema\/logo\/image\/"}}]}},"_links":{"self":[{"href":"https:\/\/oatbox-group.com\/fr\/wp-json\/wp\/v2\/pages\/2624","targetHints":{"allow":["GET"]}}],"collection":[{"href":"https:\/\/oatbox-group.com\/fr\/wp-json\/wp\/v2\/pages"}],"about":[{"href":"https:\/\/oatbox-group.com\/fr\/wp-json\/wp\/v2\/types\/page"}],"author":[{"embeddable":true,"href":"https:\/\/oatbox-group.com\/fr\/wp-json\/wp\/v2\/users\/1"}],"replies":[{"embeddable":true,"href":"https:\/\/oatbox-group.com\/fr\/wp-json\/wp\/v2\/comments?post=2624"}],"version-history":[{"count":1,"href":"https:\/\/oatbox-group.com\/fr\/wp-json\/wp\/v2\/pages\/2624\/revisions"}],"predecessor-version":[{"id":2625,"href":"https:\/\/oatbox-group.com\/fr\/wp-json\/wp\/v2\/pages\/2624\/revisions\/2625"}],"wp:attachment":[{"href":"https:\/\/oatbox-group.com\/fr\/wp-json\/wp\/v2\/media?parent=2624"}],"curies":[{"name":"wp","href":"https:\/\/api.w.org\/{rel}","templated":true}]}}