{"id":277,"date":"2023-05-17T17:58:14","date_gmt":"2023-05-17T17:58:14","guid":{"rendered":"http:\/\/oatbox-group.com\/?page_id=277"},"modified":"2023-09-19T13:50:36","modified_gmt":"2023-09-19T13:50:36","slug":"notre-mission","status":"publish","type":"page","link":"https:\/\/oatbox-group.com\/fr\/notre-mission\/","title":{"rendered":"Notre mission"},"content":{"rendered":"\t\t<div data-elementor-type=\"wp-page\" data-elementor-id=\"277\" class=\"elementor elementor-277\" data-elementor-post-type=\"page\">\n\t\t\t\t<div class=\"elementor-element elementor-element-721c9e89 animated-fast e-flex e-con-boxed e-con e-parent\" data-id=\"721c9e89\" data-element_type=\"container\" data-e-type=\"container\" data-settings=\"{&quot;background_background&quot;:&quot;classic&quot;,&quot;animation&quot;:&quot;none&quot;}\">\n\t\t\t\t\t<div class=\"e-con-inner\">\n\t\t\t\t<div class=\"elementor-element elementor-element-36ca9d57 elementor-widget elementor-widget-heading\" data-id=\"36ca9d57\" data-element_type=\"widget\" data-e-type=\"widget\" data-widget_type=\"heading.default\">\n\t\t\t\t<div class=\"elementor-widget-container\">\n\t\t\t\t\t<h1 class=\"elementor-heading-title elementor-size-default\">Notre mission<\/h1>\t\t\t\t<\/div>\n\t\t\t\t<\/div>\n\t\t\t\t<div class=\"elementor-element elementor-element-98500a5 elementor-widget elementor-widget-heading\" data-id=\"98500a5\" data-element_type=\"widget\" data-e-type=\"widget\" data-widget_type=\"heading.default\">\n\t\t\t\t<div class=\"elementor-widget-container\">\n\t\t\t\t\t<h4 class=\"elementor-heading-title elementor-size-default\">Explorer le plein potentiel de l'avoine<\/h4>\t\t\t\t<\/div>\n\t\t\t\t<\/div>\n\t\t\t\t\t<\/div>\n\t\t\t\t<\/div>\n\t\t<div class=\"elementor-element elementor-element-712177a e-flex e-con-boxed e-con e-parent\" data-id=\"712177a\" data-element_type=\"container\" data-e-type=\"container\">\n\t\t\t\t\t<div class=\"e-con-inner\">\n\t\t<div class=\"elementor-element elementor-element-60dde1d e-con-full e-flex e-con e-parent\" data-id=\"60dde1d\" data-element_type=\"container\" data-e-type=\"container\">\n\t\t<div class=\"elementor-element elementor-element-a3d1589 elementor-hidden-tablet elementor-hidden-mobile e-flex e-con-boxed e-con e-parent\" data-id=\"a3d1589\" data-element_type=\"container\" data-e-type=\"container\">\n\t\t\t\t\t<div class=\"e-con-inner\">\n\t\t\t\t<div class=\"elementor-element elementor-element-ce981e3 elementor-absolute elementor-widget elementor-widget-image\" data-id=\"ce981e3\" data-element_type=\"widget\" data-e-type=\"widget\" data-settings=\"{&quot;_position&quot;:&quot;absolute&quot;}\" data-widget_type=\"image.default\">\n\t\t\t\t<div class=\"elementor-widget-container\">\n\t\t\t\t\t\t\t\t\t\t\t\t\t\t\t<img fetchpriority=\"high\" decoding=\"async\" width=\"1064\" height=\"1490\" src=\"https:\/\/oatbox-group.com\/wp-content\/uploads\/2023\/05\/unise.jpg\" class=\"attachment-full size-full wp-image-735\" alt=\"usine\" srcset=\"https:\/\/oatbox-group.com\/wp-content\/uploads\/2023\/05\/unise.jpg 1064w, https:\/\/oatbox-group.com\/wp-content\/uploads\/2023\/05\/unise-214x300.jpg 214w, https:\/\/oatbox-group.com\/wp-content\/uploads\/2023\/05\/unise-731x1024.jpg 731w, https:\/\/oatbox-group.com\/wp-content\/uploads\/2023\/05\/unise-768x1075.jpg 768w\" sizes=\"(max-width: 1064px) 100vw, 1064px\" \/>\t\t\t\t\t\t\t\t\t\t\t\t\t\t\t<\/div>\n\t\t\t\t<\/div>\n\t\t\t\t<div class=\"elementor-element elementor-element-d0a27df elementor-absolute elementor-widget elementor-widget-image\" data-id=\"d0a27df\" data-element_type=\"widget\" data-e-type=\"widget\" data-settings=\"{&quot;_position&quot;:&quot;absolute&quot;}\" data-widget_type=\"image.default\">\n\t\t\t\t<div class=\"elementor-widget-container\">\n\t\t\t\t\t\t\t\t\t\t\t\t\t\t\t<img decoding=\"async\" width=\"1064\" height=\"1490\" src=\"https:\/\/oatbox-group.com\/wp-content\/uploads\/2023\/05\/unise2.jpg\" class=\"attachment-full size-full wp-image-736\" alt=\"\" srcset=\"https:\/\/oatbox-group.com\/wp-content\/uploads\/2023\/05\/unise2.jpg 1064w, https:\/\/oatbox-group.com\/wp-content\/uploads\/2023\/05\/unise2-214x300.jpg 214w, https:\/\/oatbox-group.com\/wp-content\/uploads\/2023\/05\/unise2-731x1024.jpg 731w, https:\/\/oatbox-group.com\/wp-content\/uploads\/2023\/05\/unise2-768x1075.jpg 768w\" sizes=\"(max-width: 1064px) 100vw, 1064px\" \/>\t\t\t\t\t\t\t\t\t\t\t\t\t\t\t<\/div>\n\t\t\t\t<\/div>\n\t\t\t\t\t<\/div>\n\t\t\t\t<\/div>\n\t\t<div class=\"elementor-element elementor-element-29b8bb3 e-flex e-con-boxed e-con e-parent\" data-id=\"29b8bb3\" data-element_type=\"container\" data-e-type=\"container\">\n\t\t\t\t\t<div class=\"e-con-inner\">\n\t\t\t\t<div class=\"elementor-element elementor-element-810da51 elementor-widget elementor-widget-heading\" data-id=\"810da51\" data-element_type=\"widget\" data-e-type=\"widget\" data-widget_type=\"heading.default\">\n\t\t\t\t<div class=\"elementor-widget-container\">\n\t\t\t\t\t<h2 class=\"elementor-heading-title elementor-size-default\">L'avoine du changement<\/h2>\t\t\t\t<\/div>\n\t\t\t\t<\/div>\n\t\t\t\t<div class=\"elementor-element elementor-element-ed91d66 elementor-widget elementor-widget-text-editor\" data-id=\"ed91d66\" data-element_type=\"widget\" data-e-type=\"widget\" data-widget_type=\"text-editor.default\">\n\t\t\t\t<div class=\"elementor-widget-container\">\n\t\t\t\t\t\t\t\t\t<p><span style=\"font-weight: 400;\">Les aliments que nous choisissons de manger chaque jour font partie d&rsquo;un mouvement plus vaste. Et si nous semons bien nos graines, ce mouvement peut faire germer des changements r\u00e9els et n\u00e9cessaires. Pour nous, \u00e7a a commenc\u00e9 en 2014 avec la qu\u00eate de meilleures saveurs. Notre obsession pour l&rsquo;avoine n&rsquo;a fait que grandir lorsque nous avons d\u00e9couvert toute l&rsquo;\u00e9tendue de son potentiel.\u00a0<\/span><\/p><p>\u00a0<\/p><p><span style=\"font-weight: 400;\">Aujourd\u2019hui, nous sommes fiers de collaborer avec de nombreuses entreprises souhaitant innover en produisant des gammes de produits v\u00e9g\u00e9tales faites \u00e0 partir d\u2019avoine. Notre base d&rsquo;avoine liquide de qualit\u00e9 sup\u00e9rieure, produite \u00e0 l\u2019Est du Canada dans les plus hauts standards de qualit\u00e9, est l\u2019ingr\u00e9dient cl\u00e9 de vos prochaines innovations alimentaires. <\/span><\/p>\t\t\t\t\t\t\t\t<\/div>\n\t\t\t\t<\/div>\n\t\t\t\t\t<\/div>\n\t\t\t\t<\/div>\n\t\t\t\t<\/div>\n\t\t<div class=\"elementor-element elementor-element-c211787 e-con-full e-flex e-con e-parent\" data-id=\"c211787\" data-element_type=\"container\" data-e-type=\"container\">\n\t\t<div class=\"elementor-element elementor-element-f24021e elementor-hidden-desktop e-flex e-con-boxed e-con e-parent\" data-id=\"f24021e\" data-element_type=\"container\" data-e-type=\"container\">\n\t\t\t\t\t<div class=\"e-con-inner\">\n\t\t\t\t<div class=\"elementor-element elementor-element-085c08f elementor-hidden-desktop elementor-widget elementor-widget-image\" data-id=\"085c08f\" data-element_type=\"widget\" data-e-type=\"widget\" data-widget_type=\"image.default\">\n\t\t\t\t<div class=\"elementor-widget-container\">\n\t\t\t\t\t\t\t\t\t\t\t\t\t\t\t<img decoding=\"async\" width=\"1244\" height=\"1556\" src=\"https:\/\/oatbox-group.com\/wp-content\/uploads\/2023\/05\/oat.jpg\" class=\"attachment-full size-full wp-image-737\" alt=\"\" srcset=\"https:\/\/oatbox-group.com\/wp-content\/uploads\/2023\/05\/oat.jpg 1244w, https:\/\/oatbox-group.com\/wp-content\/uploads\/2023\/05\/oat-240x300.jpg 240w, https:\/\/oatbox-group.com\/wp-content\/uploads\/2023\/05\/oat-819x1024.jpg 819w, https:\/\/oatbox-group.com\/wp-content\/uploads\/2023\/05\/oat-768x961.jpg 768w, https:\/\/oatbox-group.com\/wp-content\/uploads\/2023\/05\/oat-1228x1536.jpg 1228w\" sizes=\"(max-width: 1244px) 100vw, 1244px\" \/>\t\t\t\t\t\t\t\t\t\t\t\t\t\t\t<\/div>\n\t\t\t\t<\/div>\n\t\t\t\t\t<\/div>\n\t\t\t\t<\/div>\n\t\t<div class=\"elementor-element elementor-element-704779c e-flex e-con-boxed e-con e-parent\" data-id=\"704779c\" data-element_type=\"container\" data-e-type=\"container\">\n\t\t\t\t\t<div class=\"e-con-inner\">\n\t\t\t\t<div class=\"elementor-element elementor-element-3093a7a elementor-widget elementor-widget-heading\" data-id=\"3093a7a\" data-element_type=\"widget\" data-e-type=\"widget\" data-widget_type=\"heading.default\">\n\t\t\t\t<div class=\"elementor-widget-container\">\n\t\t\t\t\t<h2 class=\"elementor-heading-title elementor-size-default\">Au-del\u00e0 de l'avoine<\/h2>\t\t\t\t<\/div>\n\t\t\t\t<\/div>\n\t\t\t\t<div class=\"elementor-element elementor-element-4af7a21 elementor-widget elementor-widget-text-editor\" data-id=\"4af7a21\" data-element_type=\"widget\" data-e-type=\"widget\" data-widget_type=\"text-editor.default\">\n\t\t\t\t<div class=\"elementor-widget-container\">\n\t\t\t\t\t\t\t\t\t<p><span style=\"font-weight: 400;\">Nous sommes passionn\u00e9s par l&rsquo;avoine, et nous avons aussi un profond d\u00e9sir de contribuer \u00e0 des causes qui nous tiennent \u00e0 c\u0153ur.<\/span><\/p><p><br \/><span style=\"font-weight: 400;\">Oatbox est partenaire du <\/span><a href=\"https:\/\/www.breakfastclubcanada.org\/fr\/home\/\/\"><span style=\"font-weight: 400;\">Club des petits d\u00e9jeuners <\/span><\/a><span style=\"font-weight: 400;\">en fournissant des collations sant\u00e9 aux enfants. Depuis 2023, nous \u0153uvrons \u00e9galement aux c\u00f4t\u00e9s de <\/span><a href=\"https:\/\/www.moissonmontreal.org\/\"><span style=\"font-weight: 400;\">Moisson Montr\u00e9al <\/span><\/a><span style=\"font-weight: 400;\">pour lutter contre l\u2019ins\u00e9curit\u00e9 alimentaire. Nos engagements sociaux et environnementaux sont au c\u0153ur de chacune de nos d\u00e9cisions d&rsquo;affaires. <\/span><\/p><p>\u00a0<\/p>\t\t\t\t\t\t\t\t<\/div>\n\t\t\t\t<\/div>\n\t\t\t\t\t<\/div>\n\t\t\t\t<\/div>\n\t\t<div class=\"elementor-element elementor-element-8464bbe elementor-hidden-tablet elementor-hidden-mobile e-flex e-con-boxed e-con e-parent\" data-id=\"8464bbe\" data-element_type=\"container\" data-e-type=\"container\">\n\t\t\t\t\t<div class=\"e-con-inner\">\n\t\t\t\t<div class=\"elementor-element elementor-element-15c5126 elementor-hidden-tablet elementor-hidden-mobile elementor-widget elementor-widget-image\" data-id=\"15c5126\" data-element_type=\"widget\" data-e-type=\"widget\" data-widget_type=\"image.default\">\n\t\t\t\t<div class=\"elementor-widget-container\">\n\t\t\t\t\t\t\t\t\t\t\t\t\t\t\t<img decoding=\"async\" width=\"1244\" height=\"1556\" src=\"https:\/\/oatbox-group.com\/wp-content\/uploads\/2023\/05\/oat.jpg\" class=\"attachment-full size-full wp-image-737\" alt=\"\" srcset=\"https:\/\/oatbox-group.com\/wp-content\/uploads\/2023\/05\/oat.jpg 1244w, https:\/\/oatbox-group.com\/wp-content\/uploads\/2023\/05\/oat-240x300.jpg 240w, https:\/\/oatbox-group.com\/wp-content\/uploads\/2023\/05\/oat-819x1024.jpg 819w, https:\/\/oatbox-group.com\/wp-content\/uploads\/2023\/05\/oat-768x961.jpg 768w, https:\/\/oatbox-group.com\/wp-content\/uploads\/2023\/05\/oat-1228x1536.jpg 1228w\" sizes=\"(max-width: 1244px) 100vw, 1244px\" \/>\t\t\t\t\t\t\t\t\t\t\t\t\t\t\t<\/div>\n\t\t\t\t<\/div>\n\t\t\t\t\t<\/div>\n\t\t\t\t<\/div>\n\t\t\t\t<\/div>\n\t\t\t\t\t<\/div>\n\t\t\t\t<\/div>\n\t\t<div class=\"elementor-element elementor-element-7608b01 e-flex e-con-boxed e-con e-parent\" data-id=\"7608b01\" data-element_type=\"container\" data-e-type=\"container\">\n\t\t\t\t\t<div class=\"e-con-inner\">\n\t\t<div class=\"elementor-element elementor-element-682d56e e-con-full e-flex e-con e-parent\" data-id=\"682d56e\" data-element_type=\"container\" data-e-type=\"container\">\n\t\t\t\t<div class=\"elementor-element elementor-element-4f5e40c elementor-widget elementor-widget-heading\" data-id=\"4f5e40c\" data-element_type=\"widget\" data-e-type=\"widget\" data-widget_type=\"heading.default\">\n\t\t\t\t<div class=\"elementor-widget-container\">\n\t\t\t\t\t<h2 class=\"elementor-heading-title elementor-size-default\">Tous pour l\u2019avoine<br>\net l'avoine pour tous<\/h2>\t\t\t\t<\/div>\n\t\t\t\t<\/div>\n\t\t\t\t<div class=\"elementor-element elementor-element-20e48a3 elementor-widget elementor-widget-text-editor\" data-id=\"20e48a3\" data-element_type=\"widget\" data-e-type=\"widget\" data-widget_type=\"text-editor.default\">\n\t\t\t\t<div class=\"elementor-widget-container\">\n\t\t\t\t\t\t\t\t\t<p><span style=\"font-weight: 400;\">Si vous pensez que vous pouvez nous aider \u00e0 atteindre notre mission, vous \u00eates plus que bienvenu pour nous accompagner. D\u00e9couvrez nos <\/span><a href=\"https:\/\/oatbox-group.com\/fr\/carriere\/\"><span style=\"font-weight: 400;\">postes ouverts<\/span><\/a><span style=\"font-weight: 400;\"> ou contactez-nous pour une candidature spontan\u00e9e. <\/span><\/p>\t\t\t\t\t\t\t\t<\/div>\n\t\t\t\t<\/div>\n\t\t\t\t<\/div>\n\t\t<div class=\"elementor-element elementor-element-802d3da e-con-full e-flex e-con e-parent\" data-id=\"802d3da\" data-element_type=\"container\" data-e-type=\"container\">\n\t\t\t\t<div class=\"elementor-element elementor-element-23acfa4 elementor-widget elementor-widget-heading\" data-id=\"23acfa4\" data-element_type=\"widget\" data-e-type=\"widget\" data-widget_type=\"heading.default\">\n\t\t\t\t<div class=\"elementor-widget-container\">\n\t\t\t\t\t<h4 class=\"elementor-heading-title elementor-size-default\">Joindre l'\u00e9quipe<\/h4>\t\t\t\t<\/div>\n\t\t\t\t<\/div>\n\t\t\t\t<div class=\"elementor-element elementor-element-90058a1 elementor-widget elementor-widget-heading\" data-id=\"90058a1\" data-element_type=\"widget\" data-e-type=\"widget\" data-widget_type=\"heading.default\">\n\t\t\t\t<div class=\"elementor-widget-container\">\n\t\t\t\t\t<p class=\"elementor-heading-title elementor-size-default\"><a href=\"mailto:cv@oatbox.com\">cv@oatbox.com<\/a><\/p>\t\t\t\t<\/div>\n\t\t\t\t<\/div>\n\t\t\t\t<div class=\"elementor-element elementor-element-7908926 elementor-widget__width-initial elementor-widget elementor-widget-heading\" data-id=\"7908926\" data-element_type=\"widget\" data-e-type=\"widget\" data-widget_type=\"heading.default\">\n\t\t\t\t<div class=\"elementor-widget-container\">\n\t\t\t\t\t<p class=\"elementor-heading-title elementor-size-default\"><a href=\"https:\/\/maps.google.com\/maps?q=3450%20Saint%20Dominique%20St.%20Suite%20100Montreal,%20QC%20H2X%202X4\" target=\"_blank\">3450 rue Saint-Dominique, suite 100\nMontr\u00e9al(QC) H2X 2X4<\/a><\/p>\t\t\t\t<\/div>\n\t\t\t\t<\/div>\n\t\t\t\t<div class=\"elementor-element elementor-element-877d97f elementor-mobile-align-center elementor-widget elementor-widget-button\" data-id=\"877d97f\" data-element_type=\"widget\" data-e-type=\"widget\" data-widget_type=\"button.default\">\n\t\t\t\t<div class=\"elementor-widget-container\">\n\t\t\t\t\t\t\t\t\t<div class=\"elementor-button-wrapper\">\n\t\t\t\t\t<a class=\"elementor-button elementor-button-link elementor-size-sm\" href=\"mailto:cv@oatbox.com\">\n\t\t\t\t\t\t<span class=\"elementor-button-content-wrapper\">\n\t\t\t\t\t\t\t\t\t<span class=\"elementor-button-text\">Envoyer mon CV<\/span>\n\t\t\t\t\t<\/span>\n\t\t\t\t\t<\/a>\n\t\t\t\t<\/div>\n\t\t\t\t\t\t\t\t<\/div>\n\t\t\t\t<\/div>\n\t\t\t\t<\/div>\n\t\t\t\t\t<\/div>\n\t\t\t\t<\/div>\n\t\t\t\t<\/div>\n\t\t","protected":false},"excerpt":{"rendered":"<p>Notre mission Explorer le plein potentiel de l&rsquo;avoine L&rsquo;avoine du changement Les aliments que nous choisissons de manger chaque jour font partie d&rsquo;un mouvement plus vaste. Et si nous semons bien nos graines, ce mouvement peut faire germer des changements r\u00e9els et n\u00e9cessaires. Pour nous, \u00e7a a commenc\u00e9 en 2014 avec la qu\u00eate de meilleures [&hellip;]<\/p>\n","protected":false},"author":1,"featured_media":0,"parent":0,"menu_order":0,"comment_status":"closed","ping_status":"closed","template":"elementor_header_footer","meta":{"footnotes":""},"class_list":["post-277","page","type-page","status-publish","hentry"],"yoast_head":"<!-- This site is optimized with the Yoast SEO plugin v27.4 - https:\/\/yoast.com\/product\/yoast-seo-wordpress\/ -->\n<title>Notre mission - Groupe Oatbox<\/title>\n<meta name=\"robots\" content=\"index, follow, max-snippet:-1, max-image-preview:large, max-video-preview:-1\" \/>\n<link rel=\"canonical\" href=\"https:\/\/oatbox-group.com\/fr\/notre-mission\/\" \/>\n<meta property=\"og:locale\" content=\"fr_FR\" \/>\n<meta property=\"og:type\" content=\"article\" \/>\n<meta property=\"og:title\" content=\"Notre mission - Groupe Oatbox\" \/>\n<meta property=\"og:description\" content=\"Notre mission Explorer le plein potentiel de l&rsquo;avoine L&rsquo;avoine du changement Les aliments que nous choisissons de manger chaque jour font partie d&rsquo;un mouvement plus vaste. Et si nous semons bien nos graines, ce mouvement peut faire germer des changements r\u00e9els et n\u00e9cessaires. Pour nous, \u00e7a a commenc\u00e9 en 2014 avec la qu\u00eate de meilleures [&hellip;]\" \/>\n<meta property=\"og:url\" content=\"https:\/\/oatbox-group.com\/fr\/notre-mission\/\" \/>\n<meta property=\"og:site_name\" content=\"Groupe Oatbox\" \/>\n<meta property=\"article:modified_time\" content=\"2023-09-19T13:50:36+00:00\" \/>\n<meta property=\"og:image\" content=\"https:\/\/oatbox-group.com\/wp-content\/uploads\/2023\/05\/unise.jpg\" \/>\n<meta name=\"twitter:card\" content=\"summary_large_image\" \/>\n<meta name=\"twitter:label1\" content=\"Dur\u00e9e de lecture estim\u00e9e\" \/>\n\t<meta name=\"twitter:data1\" content=\"3 minutes\" \/>\n<script type=\"application\/ld+json\" class=\"yoast-schema-graph\">{\"@context\":\"https:\\\/\\\/schema.org\",\"@graph\":[{\"@type\":\"WebPage\",\"@id\":\"https:\\\/\\\/oatbox-group.com\\\/fr\\\/notre-mission\\\/\",\"url\":\"https:\\\/\\\/oatbox-group.com\\\/fr\\\/notre-mission\\\/\",\"name\":\"Notre mission - Groupe Oatbox\",\"isPartOf\":{\"@id\":\"https:\\\/\\\/oatbox-group.com\\\/#website\"},\"primaryImageOfPage\":{\"@id\":\"https:\\\/\\\/oatbox-group.com\\\/fr\\\/notre-mission\\\/#primaryimage\"},\"image\":{\"@id\":\"https:\\\/\\\/oatbox-group.com\\\/fr\\\/notre-mission\\\/#primaryimage\"},\"thumbnailUrl\":\"https:\\\/\\\/oatbox-group.com\\\/wp-content\\\/uploads\\\/2023\\\/05\\\/unise.jpg\",\"datePublished\":\"2023-05-17T17:58:14+00:00\",\"dateModified\":\"2023-09-19T13:50:36+00:00\",\"breadcrumb\":{\"@id\":\"https:\\\/\\\/oatbox-group.com\\\/fr\\\/notre-mission\\\/#breadcrumb\"},\"inLanguage\":\"fr-FR\",\"potentialAction\":[{\"@type\":\"ReadAction\",\"target\":[\"https:\\\/\\\/oatbox-group.com\\\/fr\\\/notre-mission\\\/\"]}]},{\"@type\":\"ImageObject\",\"inLanguage\":\"fr-FR\",\"@id\":\"https:\\\/\\\/oatbox-group.com\\\/fr\\\/notre-mission\\\/#primaryimage\",\"url\":\"https:\\\/\\\/oatbox-group.com\\\/wp-content\\\/uploads\\\/2023\\\/05\\\/unise.jpg\",\"contentUrl\":\"https:\\\/\\\/oatbox-group.com\\\/wp-content\\\/uploads\\\/2023\\\/05\\\/unise.jpg\"},{\"@type\":\"BreadcrumbList\",\"@id\":\"https:\\\/\\\/oatbox-group.com\\\/fr\\\/notre-mission\\\/#breadcrumb\",\"itemListElement\":[{\"@type\":\"ListItem\",\"position\":1,\"name\":\"Accueil\",\"item\":\"https:\\\/\\\/oatbox-group.com\\\/fr\\\/\"},{\"@type\":\"ListItem\",\"position\":2,\"name\":\"Notre mission\"}]},{\"@type\":\"WebSite\",\"@id\":\"https:\\\/\\\/oatbox-group.com\\\/#website\",\"url\":\"https:\\\/\\\/oatbox-group.com\\\/\",\"name\":\"Groupe Oatbox\",\"description\":\"Site web du groupe Oatbox\",\"publisher\":{\"@id\":\"https:\\\/\\\/oatbox-group.com\\\/#organization\"},\"potentialAction\":[{\"@type\":\"SearchAction\",\"target\":{\"@type\":\"EntryPoint\",\"urlTemplate\":\"https:\\\/\\\/oatbox-group.com\\\/?s={search_term_string}\"},\"query-input\":{\"@type\":\"PropertyValueSpecification\",\"valueRequired\":true,\"valueName\":\"search_term_string\"}}],\"inLanguage\":\"fr-FR\"},{\"@type\":\"Organization\",\"@id\":\"https:\\\/\\\/oatbox-group.com\\\/#organization\",\"name\":\"Groupe Oatbox\",\"url\":\"https:\\\/\\\/oatbox-group.com\\\/\",\"logo\":{\"@type\":\"ImageObject\",\"inLanguage\":\"fr-FR\",\"@id\":\"https:\\\/\\\/oatbox-group.com\\\/#\\\/schema\\\/logo\\\/image\\\/\",\"url\":\"https:\\\/\\\/oatbox-group.com\\\/wp-content\\\/uploads\\\/2023\\\/05\\\/cropped-oatbox-logo.png\",\"contentUrl\":\"https:\\\/\\\/oatbox-group.com\\\/wp-content\\\/uploads\\\/2023\\\/05\\\/cropped-oatbox-logo.png\",\"width\":350,\"height\":100,\"caption\":\"Groupe Oatbox\"},\"image\":{\"@id\":\"https:\\\/\\\/oatbox-group.com\\\/#\\\/schema\\\/logo\\\/image\\\/\"}}]}<\/script>\n<!-- \/ Yoast SEO plugin. -->","yoast_head_json":{"title":"Notre mission - Groupe Oatbox","robots":{"index":"index","follow":"follow","max-snippet":"max-snippet:-1","max-image-preview":"max-image-preview:large","max-video-preview":"max-video-preview:-1"},"canonical":"https:\/\/oatbox-group.com\/fr\/notre-mission\/","og_locale":"fr_FR","og_type":"article","og_title":"Notre mission - Groupe Oatbox","og_description":"Notre mission Explorer le plein potentiel de l&rsquo;avoine L&rsquo;avoine du changement Les aliments que nous choisissons de manger chaque jour font partie d&rsquo;un mouvement plus vaste. Et si nous semons bien nos graines, ce mouvement peut faire germer des changements r\u00e9els et n\u00e9cessaires. Pour nous, \u00e7a a commenc\u00e9 en 2014 avec la qu\u00eate de meilleures [&hellip;]","og_url":"https:\/\/oatbox-group.com\/fr\/notre-mission\/","og_site_name":"Groupe Oatbox","article_modified_time":"2023-09-19T13:50:36+00:00","og_image":[{"url":"https:\/\/oatbox-group.com\/wp-content\/uploads\/2023\/05\/unise.jpg","type":"","width":"","height":""}],"twitter_card":"summary_large_image","twitter_misc":{"Dur\u00e9e de lecture estim\u00e9e":"3 minutes"},"schema":{"@context":"https:\/\/schema.org","@graph":[{"@type":"WebPage","@id":"https:\/\/oatbox-group.com\/fr\/notre-mission\/","url":"https:\/\/oatbox-group.com\/fr\/notre-mission\/","name":"Notre mission - Groupe Oatbox","isPartOf":{"@id":"https:\/\/oatbox-group.com\/#website"},"primaryImageOfPage":{"@id":"https:\/\/oatbox-group.com\/fr\/notre-mission\/#primaryimage"},"image":{"@id":"https:\/\/oatbox-group.com\/fr\/notre-mission\/#primaryimage"},"thumbnailUrl":"https:\/\/oatbox-group.com\/wp-content\/uploads\/2023\/05\/unise.jpg","datePublished":"2023-05-17T17:58:14+00:00","dateModified":"2023-09-19T13:50:36+00:00","breadcrumb":{"@id":"https:\/\/oatbox-group.com\/fr\/notre-mission\/#breadcrumb"},"inLanguage":"fr-FR","potentialAction":[{"@type":"ReadAction","target":["https:\/\/oatbox-group.com\/fr\/notre-mission\/"]}]},{"@type":"ImageObject","inLanguage":"fr-FR","@id":"https:\/\/oatbox-group.com\/fr\/notre-mission\/#primaryimage","url":"https:\/\/oatbox-group.com\/wp-content\/uploads\/2023\/05\/unise.jpg","contentUrl":"https:\/\/oatbox-group.com\/wp-content\/uploads\/2023\/05\/unise.jpg"},{"@type":"BreadcrumbList","@id":"https:\/\/oatbox-group.com\/fr\/notre-mission\/#breadcrumb","itemListElement":[{"@type":"ListItem","position":1,"name":"Accueil","item":"https:\/\/oatbox-group.com\/fr\/"},{"@type":"ListItem","position":2,"name":"Notre mission"}]},{"@type":"WebSite","@id":"https:\/\/oatbox-group.com\/#website","url":"https:\/\/oatbox-group.com\/","name":"Groupe Oatbox","description":"Site web du groupe Oatbox","publisher":{"@id":"https:\/\/oatbox-group.com\/#organization"},"potentialAction":[{"@type":"SearchAction","target":{"@type":"EntryPoint","urlTemplate":"https:\/\/oatbox-group.com\/?s={search_term_string}"},"query-input":{"@type":"PropertyValueSpecification","valueRequired":true,"valueName":"search_term_string"}}],"inLanguage":"fr-FR"},{"@type":"Organization","@id":"https:\/\/oatbox-group.com\/#organization","name":"Groupe Oatbox","url":"https:\/\/oatbox-group.com\/","logo":{"@type":"ImageObject","inLanguage":"fr-FR","@id":"https:\/\/oatbox-group.com\/#\/schema\/logo\/image\/","url":"https:\/\/oatbox-group.com\/wp-content\/uploads\/2023\/05\/cropped-oatbox-logo.png","contentUrl":"https:\/\/oatbox-group.com\/wp-content\/uploads\/2023\/05\/cropped-oatbox-logo.png","width":350,"height":100,"caption":"Groupe Oatbox"},"image":{"@id":"https:\/\/oatbox-group.com\/#\/schema\/logo\/image\/"}}]}},"_links":{"self":[{"href":"https:\/\/oatbox-group.com\/fr\/wp-json\/wp\/v2\/pages\/277","targetHints":{"allow":["GET"]}}],"collection":[{"href":"https:\/\/oatbox-group.com\/fr\/wp-json\/wp\/v2\/pages"}],"about":[{"href":"https:\/\/oatbox-group.com\/fr\/wp-json\/wp\/v2\/types\/page"}],"author":[{"embeddable":true,"href":"https:\/\/oatbox-group.com\/fr\/wp-json\/wp\/v2\/users\/1"}],"replies":[{"embeddable":true,"href":"https:\/\/oatbox-group.com\/fr\/wp-json\/wp\/v2\/comments?post=277"}],"version-history":[{"count":129,"href":"https:\/\/oatbox-group.com\/fr\/wp-json\/wp\/v2\/pages\/277\/revisions"}],"predecessor-version":[{"id":2355,"href":"https:\/\/oatbox-group.com\/fr\/wp-json\/wp\/v2\/pages\/277\/revisions\/2355"}],"wp:attachment":[{"href":"https:\/\/oatbox-group.com\/fr\/wp-json\/wp\/v2\/media?parent=277"}],"curies":[{"name":"wp","href":"https:\/\/api.w.org\/{rel}","templated":true}]}}